{"id":13,"date":"2010-02-24T19:43:36","date_gmt":"2010-02-24T18:43:36","guid":{"rendered":"http:\/\/127.0.0.1\/wordpress_seitz\/?page_id=13"},"modified":"2023-12-07T12:17:34","modified_gmt":"2023-12-07T11:17:34","slug":"arzte","status":"publish","type":"page","link":"https:\/\/seitz-tuchen.de\/?page_id=13","title":{"rendered":"\u00c4rzte"},"content":{"rendered":"<p>Dr. med. Michael Seitz<\/p>\n<p><a href=\"http:\/\/www.seitz-tegtmeyer.de\/wp-content\/uploads\/Seitz-neu-2018-klein-a.jpg\"><img loading=\"lazy\" class=\"size-full wp-image-373\" src=\"http:\/\/www.seitz-tegtmeyer.de\/wp-content\/uploads\/Seitz-neu-2018-klein-a.jpg\" alt=\"\" width=\"300\" height=\"385\" \/><\/a><\/p>\n<ul>\n<li>Medizinstudium in Marburg, Schwerin und Kassel<\/li>\n<li>Facharztausbildung f\u00fcr Innere Medizin und Diabetologie im Roten Kreuz Krankenhaus Kassel<\/li>\n<li>Qualifikation zum Arzt f\u00fcr Notfallmedizin<\/li>\n<li>5 Jahre T\u00e4tigkeit in der Luftrettung (Rettungshubschrauber \u201eChristoph 7\u201c)<\/li>\n<\/ul>\n<p>Markus Tuchen<\/p>\n<p><a href=\"http:\/\/www.seitz-tegtmeyer.de\/wp-content\/uploads\/Tuchen-01.jpg\"><img loading=\"lazy\" class=\"size-full wp-image-364 alignnone\" src=\"http:\/\/www.seitz-tegtmeyer.de\/wp-content\/uploads\/Tuchen-01.jpg\" alt=\"\" width=\"298\" height=\"363\" \/><\/a><\/p>\n<ul>\n<li>Medizinstudium in Gie\u00dfen und Marburg<\/li>\n<li>Facharztausbildung f\u00fcr Allgemeinmedizin im Roten Kreuz Krankenhaus in Kassel<\/li>\n<\/ul>\n","protected":false},"excerpt":{"rendered":"<p>Dr. med. Michael Seitz Medizinstudium in Marburg, Schwerin und Kassel Facharztausbildung f\u00fcr Innere Medizin und Diabetologie im Roten Kreuz Krankenhaus Kassel Qualifikation zum Arzt f\u00fcr Notfallmedizin 5 Jahre T\u00e4tigkeit in der Luftrettung (Rettungshubschrauber \u201eChristoph 7\u201c) Markus Tuchen Medizinstudium in Gie\u00dfen und Marburg Facharztausbildung f\u00fcr Allgemeinmedizin im Roten Kreuz Krankenhaus in Kassel<\/p>\n","protected":false},"author":1,"featured_media":0,"parent":9,"menu_order":1,"comment_status":"open","ping_status":"open","template":"","meta":[],"_links":{"self":[{"href":"https:\/\/seitz-tuchen.de\/index.php?rest_route=\/wp\/v2\/pages\/13"}],"collection":[{"href":"https:\/\/seitz-tuchen.de\/index.php?rest_route=\/wp\/v2\/pages"}],"about":[{"href":"https:\/\/seitz-tuchen.de\/index.php?rest_route=\/wp\/v2\/types\/page"}],"author":[{"embeddable":true,"href":"https:\/\/seitz-tuchen.de\/index.php?rest_route=\/wp\/v2\/users\/1"}],"replies":[{"embeddable":true,"href":"https:\/\/seitz-tuchen.de\/index.php?rest_route=%2Fwp%2Fv2%2Fcomments&post=13"}],"version-history":[{"count":0,"href":"https:\/\/seitz-tuchen.de\/index.php?rest_route=\/wp\/v2\/pages\/13\/revisions"}],"up":[{"embeddable":true,"href":"https:\/\/seitz-tuchen.de\/index.php?rest_route=\/wp\/v2\/pages\/9"}],"wp:attachment":[{"href":"https:\/\/seitz-tuchen.de\/index.php?rest_route=%2Fwp%2Fv2%2Fmedia&parent=13"}],"curies":[{"name":"wp","href":"https:\/\/api.w.org\/{rel}","templated":true}]}}