{"id":31,"date":"2010-02-24T20:17:09","date_gmt":"2010-02-24T19:17:09","guid":{"rendered":"http:\/\/127.0.0.1\/wordpress_seitz\/?page_id=31"},"modified":"2023-12-22T12:09:11","modified_gmt":"2023-12-22T11:09:11","slug":"leistungen","status":"publish","type":"page","link":"https:\/\/seitz-tuchen.de\/?page_id=31","title":{"rendered":"Leistungen"},"content":{"rendered":"<p>Jeder Patient hat bei uns freie Arztwahl, kann aber selbstverst\u00e4ndlich nach Bedarf auch von beiden \u00c4rzten gemeinsam behandelt werden, da wir eng zusammenarbeiten.<\/p>\n<p>Wir versuchen die Wartezeiten so kurz wie m\u00f6glich zu halten. Deshalb m\u00f6chten wir Sie bitten, Termine zu den Sprechzeiten (auch Blutentnahmen) m\u00f6glichst vorher zu vereinbaren.<\/p>\n<p>Bei akuten Erkrankungen und Notf\u00e4llen k\u00fcmmern wir uns nat\u00fcrlich sofort um Sie. Deshalb kann es trotz vereinbartem Sprechstundentermin vereinzelt zu Zeitverschiebungen und l\u00e4ngeren Wartezeiten kommen.<br \/>\nBitte haben Sie Verst\u00e4ndnis \u2013 es k\u00f6nnte ja auch einmal Sie betreffen!<\/p>\n<p>Blutentnahmen nehmen wir nach vorheriger \u00e4rztlicher Anordnung und Terminabsprache t\u00e4glich morgens zwischen 8:00 und 11:45 Uhr vor. F\u00fcr Gesundheitsuntersuchungen sollten Sie n\u00fcchtern erscheinen , Ihre \u00fcblichen Medikamente (z.B. gegen Bluthochdruck) aber vorher eingenommen haben. Wenn Sie Diabetiker sind oder Unklarheiten bestehen, fragen Sie bitte zuvor nach, wie Sie Ihre Medikamente nehmen sollen.<\/p>\n<p>Geplante Ultraschalluntersuchungen finden ebenfalls morgens n\u00fcchtern, meist mit gef\u00fcllter Harnblase nach Terminabsprache statt.<\/p>\n","protected":false},"excerpt":{"rendered":"<p>Jeder Patient hat bei uns freie Arztwahl, kann aber selbstverst\u00e4ndlich nach Bedarf auch von beiden \u00c4rzten gemeinsam behandelt werden, da wir eng zusammenarbeiten. Wir versuchen die Wartezeiten so kurz wie m\u00f6glich zu halten. Deshalb m\u00f6chten wir Sie bitten, Termine zu den Sprechzeiten (auch Blutentnahmen) m\u00f6glichst vorher zu vereinbaren. Bei akuten Erkrankungen und Notf\u00e4llen k\u00fcmmern wir [&hellip;]<\/p>\n","protected":false},"author":1,"featured_media":0,"parent":0,"menu_order":4,"comment_status":"open","ping_status":"open","template":"","meta":[],"_links":{"self":[{"href":"https:\/\/seitz-tuchen.de\/index.php?rest_route=\/wp\/v2\/pages\/31"}],"collection":[{"href":"https:\/\/seitz-tuchen.de\/index.php?rest_route=\/wp\/v2\/pages"}],"about":[{"href":"https:\/\/seitz-tuchen.de\/index.php?rest_route=\/wp\/v2\/types\/page"}],"author":[{"embeddable":true,"href":"https:\/\/seitz-tuchen.de\/index.php?rest_route=\/wp\/v2\/users\/1"}],"replies":[{"embeddable":true,"href":"https:\/\/seitz-tuchen.de\/index.php?rest_route=%2Fwp%2Fv2%2Fcomments&post=31"}],"version-history":[{"count":0,"href":"https:\/\/seitz-tuchen.de\/index.php?rest_route=\/wp\/v2\/pages\/31\/revisions"}],"wp:attachment":[{"href":"https:\/\/seitz-tuchen.de\/index.php?rest_route=%2Fwp%2Fv2%2Fmedia&parent=31"}],"curies":[{"name":"wp","href":"https:\/\/api.w.org\/{rel}","templated":true}]}}