{"id":45,"date":"2010-03-02T15:14:19","date_gmt":"2010-03-02T14:14:19","guid":{"rendered":"http:\/\/127.0.0.1\/wordpress_seitz\/?page_id=45"},"modified":"2020-10-21T07:10:03","modified_gmt":"2020-10-21T07:10:03","slug":"vorsorge","status":"publish","type":"page","link":"https:\/\/seitz-tuchen.de\/?page_id=45","title":{"rendered":"Vorsorge"},"content":{"rendered":"<p>Vorsorgeuntersuchungen dienen der rechtzeitigen Erkennung von gesundheitlichen St\u00f6rungen und Erkrankungen.<\/p>\n<p>Das sind nicht nur Krebsleiden, sondern auch andere Erkrankungen wie z.B. der inneren Organe, des Stoffwechsels und des Bewegungsapparates.<\/p>\n<p>Die gesetzlichen Krankenversicherungen bieten kostenfreie Vorsorgeprogramme an, die inhaltlich festgelegte Untersuchungen in Intervallen enthalten:<\/p>\n<ul>\n<li>Gesundheitsuntersuchung (ab 35 Jahren alle 3 Jahre). Falls Sie in einen Hausarztvertrag eingeschrieben sind, ist die Untersuchung wom\u00f6glich auch alle 2 Jahre durchf\u00fchrbar. Bitte fragen Sie dann bei Ihrer Krankenkasse nach. Ansonsten bieten die meisten Kassen die M\u00f6glichkeit, einmalig zwischen 18 und 35 Jahren einen Vorsorgecheck durchf\u00fchren zu lassen.<\/li>\n<li>Krebsvorsorgeuntersuchung (ab 45 Jahren j\u00e4hrlich f\u00fcr M\u00e4nner)<\/li>\n<li>Hautkrebsscreening (ab 35 Jahren alle 2 Jahre)<\/li>\n<li>Jugendschutzuntersuchung<\/li>\n<li>Sportmedizinische Untersuchungen (s. Wunschleistungen)<\/li>\n<li>Impfungen<\/li>\n<\/ul>\n<p>Details zu diesen Untersuchungen k\u00f6nnen Sie in unserer Praxis erfragen.<\/p>\n","protected":false},"excerpt":{"rendered":"<p>Vorsorgeuntersuchungen dienen der rechtzeitigen Erkennung von gesundheitlichen St\u00f6rungen und Erkrankungen. Das sind nicht nur Krebsleiden, sondern auch andere Erkrankungen wie z.B. der inneren Organe, des Stoffwechsels und des Bewegungsapparates. Die gesetzlichen Krankenversicherungen bieten kostenfreie Vorsorgeprogramme an, die inhaltlich festgelegte Untersuchungen in Intervallen enthalten: Gesundheitsuntersuchung (ab 35 Jahren alle 3 Jahre). Falls Sie in einen Hausarztvertrag [&hellip;]<\/p>\n","protected":false},"author":1,"featured_media":0,"parent":31,"menu_order":2,"comment_status":"open","ping_status":"open","template":"","meta":[],"_links":{"self":[{"href":"https:\/\/seitz-tuchen.de\/index.php?rest_route=\/wp\/v2\/pages\/45"}],"collection":[{"href":"https:\/\/seitz-tuchen.de\/index.php?rest_route=\/wp\/v2\/pages"}],"about":[{"href":"https:\/\/seitz-tuchen.de\/index.php?rest_route=\/wp\/v2\/types\/page"}],"author":[{"embeddable":true,"href":"https:\/\/seitz-tuchen.de\/index.php?rest_route=\/wp\/v2\/users\/1"}],"replies":[{"embeddable":true,"href":"https:\/\/seitz-tuchen.de\/index.php?rest_route=%2Fwp%2Fv2%2Fcomments&post=45"}],"version-history":[{"count":0,"href":"https:\/\/seitz-tuchen.de\/index.php?rest_route=\/wp\/v2\/pages\/45\/revisions"}],"up":[{"embeddable":true,"href":"https:\/\/seitz-tuchen.de\/index.php?rest_route=\/wp\/v2\/pages\/31"}],"wp:attachment":[{"href":"https:\/\/seitz-tuchen.de\/index.php?rest_route=%2Fwp%2Fv2%2Fmedia&parent=45"}],"curies":[{"name":"wp","href":"https:\/\/api.w.org\/{rel}","templated":true}]}}