{"id":48,"date":"2010-03-02T15:24:49","date_gmt":"2010-03-02T14:24:49","guid":{"rendered":"http:\/\/127.0.0.1\/wordpress_seitz\/?page_id=48"},"modified":"2017-12-07T15:13:31","modified_gmt":"2017-12-07T15:13:31","slug":"wunschleistungen","status":"publish","type":"page","link":"https:\/\/seitz-tuchen.de\/?page_id=48","title":{"rendered":"Wunschleistungen"},"content":{"rendered":"<p>Untersuchungen \u00fcber die gesetzlichen Vorsorgeprogramme hinaus k\u00f6nnen durchaus sinnvoll sein, es besteht hier aber kein Erstattungsanspruch gegen\u00fcber der Krankenversicherung.<\/p>\n<p>Auswahl erweiterter Vorsorgeangebote unserer Praxis:<\/p>\n<p>Ultraschall<\/p>\n<ul>\n<li>Bauchorgane (z.B. Bauschspeicheldr\u00fcse, Bauchschlagadern, Leber, Galle, Milz, Nieren, Harnblase, Prostata\/Geb\u00e4rmutter)<\/li>\n<li>Schilddr\u00fcse (Gr\u00f6\u00dfe, Knoten etc.)<\/li>\n<\/ul>\n<p>Herz-Kreislauf-Lunge<\/p>\n<ul>\n<li>EKG (Erkennen von Rhythmusst\u00f6rungen, Herzmuskelerkrankungen, Durchblutungsst\u00f6rungen etc.)<\/li>\n<li>Belastungs-EKG (Beurteilung von Puls, Blutdruck und EKG unter Belastung, Hinweise auf belastungsabh\u00e4ngige Durchblutungsst\u00f6rungen, Rhythmusst\u00f6rungen etc., Sporttauglichkeit)<\/li>\n<li>Lungenfunktion (Beurteilung von Lungenvolumen und \u2013funktion, Erkennen von St\u00f6rungen der Beweglichkeit oder der Bronchienfunktion)<\/li>\n<\/ul>\n<p>Erweiterte Krebsvorsorge<\/p>\n<ul>\n<li>Ultraschall von Nieren, Harnblase und Prostata<\/li>\n<li>PSA-Wert (Blutentnahme)<\/li>\n<\/ul>\n<p>Labor<\/p>\n<ul>\n<li>Laborwerte nach Wunsch (z.B. Blutbild, Leber- Nierenwerte, Hormone etc.) Sinnvolle Zusammenstellungen von Laborwerten liegen in einem gesonderten Flyer unseres Labors vor.<\/li>\n<\/ul>\n<p>Atteste\/Bescheinigungen<\/p>\n<ul>\n<li>Gesundheitszeugnisse<\/li>\n<li>F\u00fchrerscheinatteste<\/li>\n<li>Sporteingungsbescheinigungen<\/li>\n<\/ul>\n<p>Beratung zu Patientenverf\u00fcgung und Vorsorgevollmacht<\/p>\n<p>&nbsp;<\/p>\n<p>Die Kosten basieren auf der Geb\u00fchrenordnung f\u00fcr \u00c4rzte (GO\u00c4) und sind in unserer Praxis erfragbar.<br \/>\nAuf Ihrer Rechnung erhalten Sie hierzu auf Wunsch eine pr\u00e4zise Aufschl\u00fcsselung.<\/p>\n","protected":false},"excerpt":{"rendered":"<p>Untersuchungen \u00fcber die gesetzlichen Vorsorgeprogramme hinaus k\u00f6nnen durchaus sinnvoll sein, es besteht hier aber kein Erstattungsanspruch gegen\u00fcber der Krankenversicherung. Auswahl erweiterter Vorsorgeangebote unserer Praxis: Ultraschall Bauchorgane (z.B. Bauschspeicheldr\u00fcse, Bauchschlagadern, Leber, Galle, Milz, Nieren, Harnblase, Prostata\/Geb\u00e4rmutter) Schilddr\u00fcse (Gr\u00f6\u00dfe, Knoten etc.) Herz-Kreislauf-Lunge EKG (Erkennen von Rhythmusst\u00f6rungen, Herzmuskelerkrankungen, Durchblutungsst\u00f6rungen etc.) Belastungs-EKG (Beurteilung von Puls, Blutdruck und EKG unter [&hellip;]<\/p>\n","protected":false},"author":1,"featured_media":0,"parent":31,"menu_order":3,"comment_status":"open","ping_status":"open","template":"","meta":[],"_links":{"self":[{"href":"https:\/\/seitz-tuchen.de\/index.php?rest_route=\/wp\/v2\/pages\/48"}],"collection":[{"href":"https:\/\/seitz-tuchen.de\/index.php?rest_route=\/wp\/v2\/pages"}],"about":[{"href":"https:\/\/seitz-tuchen.de\/index.php?rest_route=\/wp\/v2\/types\/page"}],"author":[{"embeddable":true,"href":"https:\/\/seitz-tuchen.de\/index.php?rest_route=\/wp\/v2\/users\/1"}],"replies":[{"embeddable":true,"href":"https:\/\/seitz-tuchen.de\/index.php?rest_route=%2Fwp%2Fv2%2Fcomments&post=48"}],"version-history":[{"count":0,"href":"https:\/\/seitz-tuchen.de\/index.php?rest_route=\/wp\/v2\/pages\/48\/revisions"}],"up":[{"embeddable":true,"href":"https:\/\/seitz-tuchen.de\/index.php?rest_route=\/wp\/v2\/pages\/31"}],"wp:attachment":[{"href":"https:\/\/seitz-tuchen.de\/index.php?rest_route=%2Fwp%2Fv2%2Fmedia&parent=48"}],"curies":[{"name":"wp","href":"https:\/\/api.w.org\/{rel}","templated":true}]}}