{"id":5,"date":"2010-02-24T19:34:36","date_gmt":"2010-02-24T18:34:36","guid":{"rendered":"http:\/\/127.0.0.1\/wordpress_seitz\/?page_id=5"},"modified":"2026-04-22T10:57:11","modified_gmt":"2026-04-22T08:57:11","slug":"aktuell","status":"publish","type":"page","link":"https:\/\/seitz-tuchen.de\/?page_id=5","title":{"rendered":"Aktuell"},"content":{"rendered":"\n<p class=\"has-text-align-center\">\ud83e\ude7a Liebe Patientinnen, liebe Patienten,<br>unsere Praxis bleibt <strong>am 30.04.2026 ab 13:00 Uhr<\/strong> geschlossen.<br>In dringenden medizinischen F\u00e4llen wenden Sie sich bitte an unsere vertretenden Praxen:<br>In Gro\u00dfenritte:<br>Praxis Alsmann, Stettiner Stra\u00dfe 3 | \ud83d\udcde 05601 969317<br>Praxis Bergen &amp; Avganova, Stettiner Stra\u00dfe 5 | \ud83d\udcde 05601 9614612<br>In Altenbauna:<br>Praxis Meckbach &amp; Brill, Marktstra\u00dfe 2 | \ud83d\udcde 0561 9491540<br>Praxis Spivakov &amp; Otto, Birkenallee 98 | \ud83d\udcde 0561 494182<\/p>\n\n\n\n<p class=\"has-text-align-center\">Au\u00dferhalb der Sprechzeiten, an den Feiertagen, sowie am Wochenende wenden Sie sich bitte an den \u00e4rztl. Bereitschaftsdienst im Klinikum Kassel, M\u00f6nchebergstr. 41-43, \ud83d\udcde 116117<\/p>\n\n\n\n<p class=\"has-text-align-center\">Ab dem 04.05.26 sind wir zu den gewohnten Sprechzeiten wieder f\u00fcr Sie da.<br>Ihr Praxisteam Dr. med. Michael Seitz &amp; Markus Tuchen<\/p>\n\n\n\n<p>********************************************************************<\/p>\n\n\n\n<p class=\"has-text-align-center\"><span class=\"has-inline-color has-vivid-red-color\"><strong>!Achtung \u00c4nderung<\/strong> <strong>der Sprechzeiten<\/strong>! <\/span><\/p>\n\n\n\n<p class=\"has-text-align-center\"><strong>Liebe Patienten,<\/strong><\/p>\n\n\n\n<p class=\"has-text-align-center\"><strong><span class=\"has-inline-color has-vivid-red-color\">zum 01.04.2026<\/span> \u00e4ndern sich folgende Sprechzeiten:<\/strong><\/p>\n\n\n\n<p class=\"has-text-align-center\"><strong><span class=\"has-inline-color has-vivid-red-color\">Montag und Dienstag Nachmittag<\/span><\/strong><\/p>\n\n\n\n<p class=\"has-text-align-center\"><strong>sind wir dann <span class=\"has-inline-color has-vivid-red-color\">von 15:00-17:00 Uhr <\/span>f\u00fcr Sie da.<\/strong><\/p>\n\n\n\n<p class=\"has-text-align-center\"><strong>Alle anderen Sprechzeiten bleiben wie gewohnt.<\/strong><\/p>\n\n\n\n<p class=\"has-text-align-center\"><strong>Ihr Praxisteam BAG Seitz\/Tuchen<\/strong><\/p>\n\n\n\n<p>************************************************************************<\/p>\n","protected":false},"excerpt":{"rendered":"<p>\ud83e\ude7a Liebe Patientinnen, liebe Patienten,unsere Praxis bleibt am 30.04.2026 ab 13:00 Uhr geschlossen.In dringenden medizinischen F\u00e4llen wenden Sie sich bitte an unsere vertretenden Praxen:In Gro\u00dfenritte:Praxis Alsmann, Stettiner Stra\u00dfe 3 | \ud83d\udcde 05601 969317Praxis Bergen &amp; Avganova, Stettiner Stra\u00dfe 5 | \ud83d\udcde 05601 9614612In Altenbauna:Praxis Meckbach &amp; Brill, Marktstra\u00dfe 2 | \ud83d\udcde 0561 9491540Praxis Spivakov &amp; [&hellip;]<\/p>\n","protected":false},"author":3,"featured_media":0,"parent":0,"menu_order":2,"comment_status":"open","ping_status":"open","template":"","meta":[],"_links":{"self":[{"href":"https:\/\/seitz-tuchen.de\/index.php?rest_route=\/wp\/v2\/pages\/5"}],"collection":[{"href":"https:\/\/seitz-tuchen.de\/index.php?rest_route=\/wp\/v2\/pages"}],"about":[{"href":"https:\/\/seitz-tuchen.de\/index.php?rest_route=\/wp\/v2\/types\/page"}],"author":[{"embeddable":true,"href":"https:\/\/seitz-tuchen.de\/index.php?rest_route=\/wp\/v2\/users\/3"}],"replies":[{"embeddable":true,"href":"https:\/\/seitz-tuchen.de\/index.php?rest_route=%2Fwp%2Fv2%2Fcomments&post=5"}],"version-history":[{"count":0,"href":"https:\/\/seitz-tuchen.de\/index.php?rest_route=\/wp\/v2\/pages\/5\/revisions"}],"wp:attachment":[{"href":"https:\/\/seitz-tuchen.de\/index.php?rest_route=%2Fwp%2Fv2%2Fmedia&parent=5"}],"curies":[{"name":"wp","href":"https:\/\/api.w.org\/{rel}","templated":true}]}}