{"id":59,"date":"2010-03-02T15:34:47","date_gmt":"2010-03-02T14:34:47","guid":{"rendered":"http:\/\/127.0.0.1\/wordpress_seitz\/?page_id=59"},"modified":"2010-03-02T15:34:47","modified_gmt":"2010-03-02T14:34:47","slug":"betreuungsprogramme","status":"publish","type":"page","link":"https:\/\/seitz-tuchen.de\/?page_id=59","title":{"rendered":"Betreuungsprogramme"},"content":{"rendered":"<p>Neben verschiedenen Hausarztmodellen, an denen wir teilnehmen, gibt es spezielle Begleitprogramme f\u00fcr Patienten mit chronischen Erkrankungen (Disease-Management-Programme = DMP).<\/p>\n<p>Ob derartige Modelle bzw. Programme f\u00fcr Sie sinnvoll sind, k\u00f6nnen Sie in unserer Praxis kl\u00e4ren.<\/p>\n<ul>\n<li>Hausarztmodelle der verschiedenen Krankenkassen <\/li>\n<li>DMP Diabetes Typ 1 und 2<\/li>\n<li>DMP koronare Herzkrankheit<\/li>\n<li>DMP Asthma bronchiale<\/li>\n<li>DMP chronische Bronchitis (COPD)<\/li>\n<\/ul>\n","protected":false},"excerpt":{"rendered":"<p>Neben verschiedenen Hausarztmodellen, an denen wir teilnehmen, gibt es spezielle Begleitprogramme f\u00fcr Patienten mit chronischen Erkrankungen (Disease-Management-Programme = DMP). Ob derartige Modelle bzw. Programme f\u00fcr Sie sinnvoll sind, k\u00f6nnen Sie in unserer Praxis kl\u00e4ren. Hausarztmodelle der verschiedenen Krankenkassen DMP Diabetes Typ 1 und 2 DMP koronare Herzkrankheit DMP Asthma bronchiale DMP chronische Bronchitis (COPD)<\/p>\n","protected":false},"author":1,"featured_media":0,"parent":31,"menu_order":4,"comment_status":"open","ping_status":"open","template":"","meta":[],"_links":{"self":[{"href":"https:\/\/seitz-tuchen.de\/index.php?rest_route=\/wp\/v2\/pages\/59"}],"collection":[{"href":"https:\/\/seitz-tuchen.de\/index.php?rest_route=\/wp\/v2\/pages"}],"about":[{"href":"https:\/\/seitz-tuchen.de\/index.php?rest_route=\/wp\/v2\/types\/page"}],"author":[{"embeddable":true,"href":"https:\/\/seitz-tuchen.de\/index.php?rest_route=\/wp\/v2\/users\/1"}],"replies":[{"embeddable":true,"href":"https:\/\/seitz-tuchen.de\/index.php?rest_route=%2Fwp%2Fv2%2Fcomments&post=59"}],"version-history":[{"count":0,"href":"https:\/\/seitz-tuchen.de\/index.php?rest_route=\/wp\/v2\/pages\/59\/revisions"}],"up":[{"embeddable":true,"href":"https:\/\/seitz-tuchen.de\/index.php?rest_route=\/wp\/v2\/pages\/31"}],"wp:attachment":[{"href":"https:\/\/seitz-tuchen.de\/index.php?rest_route=%2Fwp%2Fv2%2Fmedia&parent=59"}],"curies":[{"name":"wp","href":"https:\/\/api.w.org\/{rel}","templated":true}]}}