{"id":70,"date":"2010-03-02T15:56:08","date_gmt":"2010-03-02T14:56:08","guid":{"rendered":"http:\/\/127.0.0.1\/wordpress_seitz\/?page_id=70"},"modified":"2026-04-12T13:11:17","modified_gmt":"2026-04-12T11:11:17","slug":"kontaktformular","status":"publish","type":"page","link":"https:\/\/seitz-tuchen.de\/?page_id=70","title":{"rendered":"Kontaktformular"},"content":{"rendered":"<p>Hier k\u00f6nnen Sie uns eine kurze Mitteilung (Kommentar, Hinweis, Kritik etc.) per e-mail zukommen lassen. Haben Sie aber bitte Verst\u00e4ndnis daf\u00fcr, dass wir Ihnen <strong>keine<\/strong> individuelle <strong>Antwort<\/strong> zur\u00fcckschicken k\u00f6nnen.<\/p>\n<p><span style=\"color: #ff6600;\"><strong>Terminanfragen u.\u00e4. k\u00f6nnen wir auf diesem Wege <em>NICHT<\/em> entgegennehmen<\/strong>.<\/span><\/p>\n<p>F\u00fcr <strong>Rezept- oder \u00dcberweisungsbestellungen<\/strong> nutzen Sie bitte den Men\u00fcpunkt &#8222;<strong>Kontakt\/Online-Bestellung<\/strong>&#8222;.<\/p>\n<p><span style=\"color: #ff0000;\">**************************ACHTUNG******************************<\/span><\/p>\n<p><span style=\"color: #ff0000;\">Bitte beachten Sie, dass wir <strong>keine<\/strong> Rezepte oder \u00dcberweisungen ausstellen k\u00f6nnen, wenn die Versichertenkarte noch nicht bei uns f\u00fcr das g\u00fcltige Quartal vorgelegen hat.<\/span><\/p>\n<p><span style=\"color: #ff0000;\">*********************************************************************<\/span><\/p>\n<p><strong>Medizinische Fragen oder Terminvereinbarungen bitten wir pers\u00f6nlich oder telefonisch mit uns zu besprechen.<\/strong><\/p>\n<p><strong>Ab sofort k\u00f6nnen Sie sich f\u00fcr akute Beschwerden \/ Infekte per Onlinekalender \u00fcber folgenden Link einen Termin buchen:<\/strong><\/p>\n<p><a href=\"https:\/\/app.arzt-direkt.de\/praxis-seitz-und-tuchen\/booking\"><span style=\"color: #ff0000;\">https:\/\/app.arzt-direkt.de\/praxis-seitz-und-tuchen\/booking<\/span><\/a><\/p>\n<p>Die Onlinebuchung ist nur f\u00fcr Bestandspatienten m\u00f6glich.<\/p>\n<div role=\"form\" class=\"wpcf7\" id=\"wpcf7-f252-o1\" lang=\"en-US\" dir=\"ltr\">\n<div class=\"screen-reader-response\"><p role=\"status\" aria-live=\"polite\" aria-atomic=\"true\"><\/p> <ul><\/ul><\/div>\n<form action=\"\/index.php?rest_route=%2Fwp%2Fv2%2Fpages%2F70#wpcf7-f252-o1\" method=\"post\" class=\"wpcf7-form init\" novalidate=\"novalidate\" data-status=\"init\">\n<div style=\"display: none;\">\n<input type=\"hidden\" name=\"_wpcf7\" value=\"252\" \/>\n<input type=\"hidden\" name=\"_wpcf7_version\" value=\"5.3.2\" \/>\n<input type=\"hidden\" name=\"_wpcf7_locale\" value=\"en_US\" \/>\n<input type=\"hidden\" name=\"_wpcf7_unit_tag\" value=\"wpcf7-f252-o1\" \/>\n<input type=\"hidden\" name=\"_wpcf7_container_post\" value=\"0\" \/>\n<input type=\"hidden\" name=\"_wpcf7_posted_data_hash\" value=\"\" \/>\n<\/div>\n<p>Ihre Name (Pflichtfeld)<br \/>\n    <span class=\"wpcf7-form-control-wrap your-name\"><input type=\"text\" name=\"your-name\" value=\"\" size=\"40\" class=\"wpcf7-form-control wpcf7-text wpcf7-validates-as-required\" aria-required=\"true\" aria-invalid=\"false\" \/><\/span> <\/p>\n<p>Ihre Email (Pflichtfeld)<br \/>\n    <span class=\"wpcf7-form-control-wrap your-email\"><input type=\"email\" name=\"your-email\" value=\"\" size=\"40\" class=\"wpcf7-form-control wpcf7-text wpcf7-email wpcf7-validates-as-required wpcf7-validates-as-email\" aria-required=\"true\" aria-invalid=\"false\" \/><\/span> <\/p>\n<p>Betreff<br \/>\n    <span class=\"wpcf7-form-control-wrap your-subject\"><input type=\"text\" name=\"your-subject\" value=\"\" size=\"40\" class=\"wpcf7-form-control wpcf7-text\" aria-invalid=\"false\" \/><\/span> <\/p>\n<p>Ihre Nachricht<br \/>\n    <span class=\"wpcf7-form-control-wrap your-message\"><textarea name=\"your-message\" cols=\"40\" rows=\"10\" class=\"wpcf7-form-control wpcf7-textarea\" aria-invalid=\"false\"><\/textarea><\/span> <\/p>\n<p><input type=\"submit\" value=\"Senden\" class=\"wpcf7-form-control wpcf7-submit\" \/><\/p>\n<div class=\"wpcf7-response-output\" aria-hidden=\"true\"><\/div><\/form><\/div>\n<p>Bitte beachten Sie unsere <a href=\"https:\/\/www.seitz-tegtmeyer.de\/datenschutz\/\">Datenschutzerkl\u00e4rung<\/a>.<\/p>\n","protected":false},"excerpt":{"rendered":"<p>Hier k\u00f6nnen Sie uns eine kurze Mitteilung (Kommentar, Hinweis, Kritik etc.) per e-mail zukommen lassen. Haben Sie aber bitte Verst\u00e4ndnis daf\u00fcr, dass wir Ihnen keine individuelle Antwort zur\u00fcckschicken k\u00f6nnen. Terminanfragen u.\u00e4. k\u00f6nnen wir auf diesem Wege NICHT entgegennehmen. F\u00fcr Rezept- oder \u00dcberweisungsbestellungen nutzen Sie bitte den Men\u00fcpunkt &#8222;Kontakt\/Online-Bestellung&#8222;. **************************ACHTUNG****************************** Bitte beachten Sie, dass wir keine [&hellip;]<\/p>\n","protected":false},"author":1,"featured_media":0,"parent":66,"menu_order":2,"comment_status":"open","ping_status":"open","template":"","meta":[],"_links":{"self":[{"href":"https:\/\/seitz-tuchen.de\/index.php?rest_route=\/wp\/v2\/pages\/70"}],"collection":[{"href":"https:\/\/seitz-tuchen.de\/index.php?rest_route=\/wp\/v2\/pages"}],"about":[{"href":"https:\/\/seitz-tuchen.de\/index.php?rest_route=\/wp\/v2\/types\/page"}],"author":[{"embeddable":true,"href":"https:\/\/seitz-tuchen.de\/index.php?rest_route=\/wp\/v2\/users\/1"}],"replies":[{"embeddable":true,"href":"https:\/\/seitz-tuchen.de\/index.php?rest_route=%2Fwp%2Fv2%2Fcomments&post=70"}],"version-history":[{"count":0,"href":"https:\/\/seitz-tuchen.de\/index.php?rest_route=\/wp\/v2\/pages\/70\/revisions"}],"up":[{"embeddable":true,"href":"https:\/\/seitz-tuchen.de\/index.php?rest_route=\/wp\/v2\/pages\/66"}],"wp:attachment":[{"href":"https:\/\/seitz-tuchen.de\/index.php?rest_route=%2Fwp%2Fv2%2Fmedia&parent=70"}],"curies":[{"name":"wp","href":"https:\/\/api.w.org\/{rel}","templated":true}]}}