{"id":72,"date":"2010-03-02T16:12:47","date_gmt":"2010-03-02T16:12:47","guid":{"rendered":"http:\/\/127.0.0.1\/wordpress_seitz\/?page_id=72"},"modified":"2026-04-12T13:11:28","modified_gmt":"2026-04-12T11:11:28","slug":"online-bestellung","status":"publish","type":"page","link":"https:\/\/seitz-tuchen.de\/?page_id=72","title":{"rendered":"Online-Bestellung"},"content":{"rendered":"<p>Liebe Patienten,<\/p>\n<p>mit dem folgenden Formular k\u00f6nnen Sie f\u00fcr sich Rezepte und \u00dcberweisungen bestellen.<\/p>\n<p><span style=\"color: #ff0000;\"><strong>*******************************ACHTUNG******************************<\/strong><\/span><\/p>\n<p><span style=\"color: #ff0000;\"><strong><em>Wir k\u00f6nnen ab sofort nur noch \u00dcberweisungen und Rezepte vorbereiten, wenn Sie <\/em><em>vorher<\/em><em> Ihre Krankenversichertenkarte in der Praxis f\u00fcr das aktuelle Quartal vorgelegt haben. <\/em><\/strong><\/span><\/p>\n<p><span style=\"color: #ff0000;\"><strong><em>Bitte haben Sie daf\u00fcr Verst\u00e4ndnis.<\/em><\/strong><\/span><\/p>\n<p><span style=\"color: #ff0000;\">************************************************************************<\/span><\/p>\n<p>\u00dcberweisungen, Privatrezepte, Heilmittelrezepte und Hilfsmittelrezepte k\u00f6nnen am n\u00e4chsten Werktag (nach der Bestellung) in der Praxis abgeholt werden. Bei Bestellungen am Wochenende ist dies erst am Dienstag der Fall.<\/p>\n<p>Bitte beachten Sie aber folgende Voraussetzungen:<\/p>\n<ol type=\"1\">\n<li><span style=\"color: #ff0000;\"><strong>Ihre Versichertenkarte muss vor der Rezeptbestellung bei uns in der Praxis f\u00fcr das aktuelle Quartal eingelesen sein.<\/strong><\/span><\/li>\n<li><span style=\"color: #ff0000;\">Das Medikament wurde von uns schon einmal verordnet.<\/span><\/li>\n<li><span style=\"color: #ff0000;\">Der Anlass zur \u00dcberweisung ist f\u00fcr uns plausibel.<\/span><\/li>\n<li><span style=\"color: #ff0000;\">Sie sind f\u00fcr uns aufgrund der pers\u00f6nlichen Angaben identifizierbar.<\/span><\/li>\n<\/ol>\n<p>Falls einer der Punkte nicht zutrifft, k\u00f6nnen wir auch keine Verordnungen oder \u00dcberweisungen ausstellen.<\/p>\n<p>Wir geben <span style=\"color: #ff0000;\"><strong>keine<\/strong> R\u00fcckmeldungen<\/span>, ob die Bestellung eingegangen, bzw. wann die Bestellungen auf der Karte ist. Wir geben keine R\u00fcckmeldungen wann \u00dcberweisungen\/Heilmittel oder Privatrezepte&nbsp; abgeholt werden k\u00f6nnen oder das Rezept nicht ausgestellt werden konnte. Bitte pr\u00fcfen sie eigenst\u00e4ndig, ob die Voraussetzungen (siehe oben) erf\u00fcllt sind.<\/p>\n<p>Wenn Sie das Formular abgeschickt haben, wird es uns per Mail zugesandt.<\/p>\n<p>Bei \u00e4lteren Browsern kann es vorkommen, dass sich das Geburtsdatum nicht eintragen l\u00e4sst. Dann schreiben Sie es bitte einfach in den Kommentarbereich ganz unten im Formular.<\/p>\n<p>Wir behalten uns jedoch generell vor, bei Unklarheiten oder praxisinternen Gr\u00fcnden das Anfertigen der Dokumente zur\u00fcckzustellen.<\/p>\n<p>Bei Systemproblemen wird dieses Bestellformular deaktiviert. Bitte beachten Sie unsere <a href=\"https:\/\/www.seitz-tegtmeyer.de\/datenschutz\/\">Datenschutzerkl\u00e4rung<\/a>.<\/p>\n<div role=\"form\" class=\"wpcf7\" id=\"wpcf7-f253-o1\" lang=\"en-US\" dir=\"ltr\">\n<div class=\"screen-reader-response\"><p role=\"status\" aria-live=\"polite\" aria-atomic=\"true\"><\/p> <ul><\/ul><\/div>\n<form action=\"\/index.php?rest_route=%2Fwp%2Fv2%2Fpages%2F72#wpcf7-f253-o1\" method=\"post\" class=\"wpcf7-form init\" novalidate=\"novalidate\" data-status=\"init\">\n<div style=\"display: none;\">\n<input type=\"hidden\" name=\"_wpcf7\" value=\"253\" \/>\n<input type=\"hidden\" name=\"_wpcf7_version\" value=\"5.3.2\" \/>\n<input type=\"hidden\" name=\"_wpcf7_locale\" value=\"en_US\" \/>\n<input type=\"hidden\" name=\"_wpcf7_unit_tag\" value=\"wpcf7-f253-o1\" \/>\n<input type=\"hidden\" name=\"_wpcf7_container_post\" value=\"0\" \/>\n<input type=\"hidden\" name=\"_wpcf7_posted_data_hash\" value=\"\" \/>\n<\/div>\n<p><b>Ihre pers\u00f6nlichen Daten (Pflichtfelder*)<\/b><\/p>\n<table width=\"400\" border=\"0\" cellpadding=\"2\" cellspacing=\"1\">\n<tr>\n<th>Name*<\/th>\n<th>Vorname*<\/th>\n<th>Geburtsdatum*<\/th>\n<\/tr>\n<tr>\n<td><span class=\"wpcf7-form-control-wrap your-name\"><input type=\"text\" name=\"your-name\" value=\"\" size=\"40\" maxlength=\"80\" class=\"wpcf7-form-control wpcf7-text wpcf7-validates-as-required\" aria-required=\"true\" aria-invalid=\"false\" \/><\/span><\/td>\n<td><span class=\"wpcf7-form-control-wrap your-vorname\"><input type=\"text\" name=\"your-vorname\" value=\"\" size=\"20\" maxlength=\"40\" class=\"wpcf7-form-control wpcf7-text wpcf7-validates-as-required\" aria-required=\"true\" aria-invalid=\"false\" \/><\/span><\/td>\n<td><span class=\"wpcf7-form-control-wrap gebdate\"><input type=\"date\" name=\"gebdate\" value=\"\" class=\"wpcf7-form-control wpcf7-date wpcf7-validates-as-date\" aria-invalid=\"false\" \/><\/span> <\/td>\n<\/tr>\n<\/table>\n<p><b>Ihre Kontaktdaten<\/b><\/p>\n<table width=\"400\" border=\"0\" cellpadding=\"2\" cellspacing=\"1\">\n<tr>\n<th>Email*<\/th>\n<th>Festnetz*<\/th>\n<th>Mobil*<\/th>\n<\/tr>\n<tr>\n<td><span class=\"wpcf7-form-control-wrap your-email\"><input type=\"text\" name=\"your-email\" value=\"\" size=\"40\" maxlength=\"80\" class=\"wpcf7-form-control wpcf7-text\" aria-invalid=\"false\" \/><\/span><\/td>\n<td><span class=\"wpcf7-form-control-wrap tel\"><input type=\"text\" name=\"tel\" value=\"\" size=\"20\" maxlength=\"40\" class=\"wpcf7-form-control wpcf7-text\" aria-invalid=\"false\" \/><\/span><\/td>\n<td><span class=\"wpcf7-form-control-wrap mobil\"><input type=\"text\" name=\"mobil\" value=\"\" size=\"20\" maxlength=\"40\" class=\"wpcf7-form-control wpcf7-text\" aria-invalid=\"false\" \/><\/span> <\/td>\n<\/tr>\n<\/table>\n<p><b>Rezeptbestellung:<\/b><\/p>\n<table width=\"500\" border=\"0\" cellpadding=\"2\" cellspacing=\"1\">\n<tr>\n<th>Medikament (vollst\u00e4ndiger Name)<\/th>\n<th>St\u00e4rke<\/th>\n<th>Packungsgr\u00f6\u00dfe<\/th>\n<\/tr>\n<tr>\n<td><span class=\"wpcf7-form-control-wrap name1\"><input type=\"text\" name=\"name1\" value=\"\" size=\"40\" maxlength=\"80\" class=\"wpcf7-form-control wpcf7-text\" aria-invalid=\"false\" placeholder=\"z.B. Ramipril 5 superpharm\" \/><\/span><\/td>\n<td><span class=\"wpcf7-form-control-wrap stark1\"><input type=\"text\" name=\"stark1\" value=\"\" size=\"20\" maxlength=\"20\" class=\"wpcf7-form-control wpcf7-text\" aria-invalid=\"false\" placeholder=\"5 mg\" \/><\/span><\/td>\n<td><span class=\"wpcf7-form-control-wrap groesse1\"><input type=\"text\" name=\"groesse1\" value=\"\" size=\"20\" maxlength=\"20\" class=\"wpcf7-form-control wpcf7-text\" aria-invalid=\"false\" placeholder=\"100 St.\" \/><\/span><\/td>\n<\/tr>\n<tr>\n<td><span class=\"wpcf7-form-control-wrap name2\"><input type=\"text\" name=\"name2\" value=\"\" size=\"40\" maxlength=\"80\" class=\"wpcf7-form-control wpcf7-text\" aria-invalid=\"false\" \/><\/span><\/td>\n<td><span class=\"wpcf7-form-control-wrap stark2\"><input type=\"text\" name=\"stark2\" value=\"\" size=\"20\" maxlength=\"20\" class=\"wpcf7-form-control wpcf7-text\" aria-invalid=\"false\" \/><\/span><\/td>\n<td><span class=\"wpcf7-form-control-wrap groesse2\"><input type=\"text\" name=\"groesse2\" value=\"\" size=\"20\" maxlength=\"20\" class=\"wpcf7-form-control wpcf7-text\" aria-invalid=\"false\" \/><\/span><\/td>\n<\/tr>\n<tr>\n<td><span class=\"wpcf7-form-control-wrap name3\"><input type=\"text\" name=\"name3\" value=\"\" size=\"40\" maxlength=\"80\" class=\"wpcf7-form-control wpcf7-text\" aria-invalid=\"false\" \/><\/span><\/td>\n<td><span class=\"wpcf7-form-control-wrap stark3\"><input type=\"text\" name=\"stark3\" value=\"\" size=\"20\" maxlength=\"20\" class=\"wpcf7-form-control wpcf7-text\" aria-invalid=\"false\" \/><\/span><\/td>\n<td><span class=\"wpcf7-form-control-wrap groesse3\"><input type=\"text\" name=\"groesse3\" value=\"\" size=\"20\" maxlength=\"20\" class=\"wpcf7-form-control wpcf7-text\" aria-invalid=\"false\" \/><\/span><\/td>\n<\/tr>\n<tr>\n<td><span class=\"wpcf7-form-control-wrap name4\"><input type=\"text\" name=\"name4\" value=\"\" size=\"40\" maxlength=\"80\" class=\"wpcf7-form-control wpcf7-text\" aria-invalid=\"false\" \/><\/span><\/td>\n<td><span class=\"wpcf7-form-control-wrap stark4\"><input type=\"text\" name=\"stark4\" value=\"\" size=\"20\" maxlength=\"20\" class=\"wpcf7-form-control wpcf7-text\" aria-invalid=\"false\" \/><\/span><\/td>\n<td><span class=\"wpcf7-form-control-wrap groesse4\"><input type=\"text\" name=\"groesse4\" value=\"\" size=\"20\" maxlength=\"20\" class=\"wpcf7-form-control wpcf7-text\" aria-invalid=\"false\" \/><\/span><\/td>\n<\/tr>\n<tr>\n<td><span class=\"wpcf7-form-control-wrap name5\"><input type=\"text\" name=\"name5\" value=\"\" size=\"40\" maxlength=\"80\" class=\"wpcf7-form-control wpcf7-text\" aria-invalid=\"false\" \/><\/span><\/td>\n<td><span class=\"wpcf7-form-control-wrap stark5\"><input type=\"text\" name=\"stark5\" value=\"\" size=\"20\" maxlength=\"20\" class=\"wpcf7-form-control wpcf7-text\" aria-invalid=\"false\" \/><\/span><\/td>\n<td><span class=\"wpcf7-form-control-wrap groesse5\"><input type=\"text\" name=\"groesse5\" value=\"\" size=\"20\" maxlength=\"20\" class=\"wpcf7-form-control wpcf7-text\" aria-invalid=\"false\" \/><\/span><\/td>\n<\/tr>\n<tr>\n<td><span class=\"wpcf7-form-control-wrap name6\"><input type=\"text\" name=\"name6\" value=\"\" size=\"40\" maxlength=\"80\" class=\"wpcf7-form-control wpcf7-text\" aria-invalid=\"false\" \/><\/span><\/td>\n<td><span class=\"wpcf7-form-control-wrap stark6\"><input type=\"text\" name=\"stark6\" value=\"\" size=\"20\" maxlength=\"20\" class=\"wpcf7-form-control wpcf7-text\" aria-invalid=\"false\" \/><\/span><\/td>\n<td><span class=\"wpcf7-form-control-wrap groesse6\"><input type=\"text\" name=\"groesse6\" value=\"\" size=\"20\" maxlength=\"20\" class=\"wpcf7-form-control wpcf7-text\" aria-invalid=\"false\" \/><\/span><\/td>\n<\/tr>\n<tr>\n<td><span class=\"wpcf7-form-control-wrap name7\"><input type=\"text\" name=\"name7\" value=\"\" size=\"40\" maxlength=\"80\" class=\"wpcf7-form-control wpcf7-text\" aria-invalid=\"false\" \/><\/span><\/td>\n<td><span class=\"wpcf7-form-control-wrap stark7\"><input type=\"text\" name=\"stark7\" value=\"\" size=\"20\" maxlength=\"20\" class=\"wpcf7-form-control wpcf7-text\" aria-invalid=\"false\" \/><\/span><\/td>\n<td><span class=\"wpcf7-form-control-wrap groesse7\"><input type=\"text\" name=\"groesse7\" value=\"\" size=\"20\" maxlength=\"20\" class=\"wpcf7-form-control wpcf7-text\" aria-invalid=\"false\" \/><\/span><\/td>\n<\/tr>\n<tr>\n<td><span class=\"wpcf7-form-control-wrap name8\"><input type=\"text\" name=\"name8\" value=\"\" size=\"40\" maxlength=\"80\" class=\"wpcf7-form-control wpcf7-text\" aria-invalid=\"false\" \/><\/span><\/td>\n<td><span class=\"wpcf7-form-control-wrap stark8\"><input type=\"text\" name=\"stark8\" value=\"\" size=\"20\" maxlength=\"20\" class=\"wpcf7-form-control wpcf7-text\" aria-invalid=\"false\" \/><\/span><\/td>\n<td><span class=\"wpcf7-form-control-wrap groesse8\"><input type=\"text\" name=\"groesse8\" value=\"\" size=\"20\" maxlength=\"20\" class=\"wpcf7-form-control wpcf7-text\" aria-invalid=\"false\" \/><\/span><\/td>\n<\/tr>\n<\/table>\n<p><b>\u00dcberweisungsbestellung:<\/b><\/p>\n<table width=\"400\" border=\"0\" cellpadding=\"2\" cellspacing=\"1\">\n<tr>\n<th>\u00dcberweisung an (Facharztgruppe)<\/th>\n<th>Grund f\u00fcr die \u00dcberweisung<\/th>\n<\/tr>\n<tr>\n<td><span class=\"wpcf7-form-control-wrap ueberweisung1\"><input type=\"text\" name=\"ueberweisung1\" value=\"\" size=\"40\" maxlength=\"80\" class=\"wpcf7-form-control wpcf7-text\" aria-invalid=\"false\" placeholder=\"z.B. Orthop\u00e4de\" \/><\/span><\/td>\n<td><span class=\"wpcf7-form-control-wrap grund1\"><input type=\"text\" name=\"grund1\" value=\"\" size=\"46\" maxlength=\"50\" class=\"wpcf7-form-control wpcf7-text\" aria-invalid=\"false\" placeholder=\"Knieschmerzen rechts\" \/><\/span><\/td>\n<\/tr>\n<tr>\n<td><span class=\"wpcf7-form-control-wrap ueberweisung2\"><input type=\"text\" name=\"ueberweisung2\" value=\"\" size=\"40\" maxlength=\"80\" class=\"wpcf7-form-control wpcf7-text\" aria-invalid=\"false\" \/><\/span><\/td>\n<td><span class=\"wpcf7-form-control-wrap grund2\"><input type=\"text\" name=\"grund2\" value=\"\" size=\"46\" maxlength=\"50\" class=\"wpcf7-form-control wpcf7-text\" aria-invalid=\"false\" \/><\/span><\/td>\n<\/tr>\n<tr>\n<td><span class=\"wpcf7-form-control-wrap ueberweisung3\"><input type=\"text\" name=\"ueberweisung3\" value=\"\" size=\"40\" maxlength=\"80\" class=\"wpcf7-form-control wpcf7-text\" aria-invalid=\"false\" \/><\/span><\/td>\n<td><span class=\"wpcf7-form-control-wrap grund3\"><input type=\"text\" name=\"grund3\" value=\"\" size=\"46\" maxlength=\"50\" class=\"wpcf7-form-control wpcf7-text\" aria-invalid=\"false\" \/><\/span><\/td>\n<\/tr>\n<tr>\n<td><span class=\"wpcf7-form-control-wrap ueberweisung4\"><input type=\"text\" name=\"ueberweisung4\" value=\"\" size=\"40\" maxlength=\"80\" class=\"wpcf7-form-control wpcf7-text\" aria-invalid=\"false\" \/><\/span><\/td>\n<td><span class=\"wpcf7-form-control-wrap grund4\"><input type=\"text\" name=\"grund4\" value=\"\" size=\"46\" maxlength=\"50\" class=\"wpcf7-form-control wpcf7-text\" aria-invalid=\"false\" \/><\/span><\/td>\n<\/tr>\n<\/table>\n<p>Ihre Nachricht zur Bestellung<br \/>\n    <span class=\"wpcf7-form-control-wrap your-message\"><textarea name=\"your-message\" cols=\"40\" rows=\"10\" class=\"wpcf7-form-control wpcf7-textarea\" aria-invalid=\"false\"><\/textarea><\/span> <\/p>\n<p><input type=\"submit\" value=\"Senden\" class=\"wpcf7-form-control wpcf7-submit\" \/><\/p>\n<div class=\"wpcf7-response-output\" aria-hidden=\"true\"><\/div><\/form><\/div>\n","protected":false},"excerpt":{"rendered":"<p>Liebe Patienten, mit dem folgenden Formular k\u00f6nnen Sie f\u00fcr sich Rezepte und \u00dcberweisungen bestellen. *******************************ACHTUNG****************************** Wir k\u00f6nnen ab sofort nur noch \u00dcberweisungen und Rezepte vorbereiten, wenn Sie vorher Ihre Krankenversichertenkarte in der Praxis f\u00fcr das aktuelle Quartal vorgelegt haben. Bitte haben Sie daf\u00fcr Verst\u00e4ndnis. ************************************************************************ \u00dcberweisungen, Privatrezepte, Heilmittelrezepte und Hilfsmittelrezepte k\u00f6nnen am n\u00e4chsten Werktag (nach [&hellip;]<\/p>\n","protected":false},"author":1,"featured_media":0,"parent":66,"menu_order":7,"comment_status":"open","ping_status":"open","template":"","meta":[],"_links":{"self":[{"href":"https:\/\/seitz-tuchen.de\/index.php?rest_route=\/wp\/v2\/pages\/72"}],"collection":[{"href":"https:\/\/seitz-tuchen.de\/index.php?rest_route=\/wp\/v2\/pages"}],"about":[{"href":"https:\/\/seitz-tuchen.de\/index.php?rest_route=\/wp\/v2\/types\/page"}],"author":[{"embeddable":true,"href":"https:\/\/seitz-tuchen.de\/index.php?rest_route=\/wp\/v2\/users\/1"}],"replies":[{"embeddable":true,"href":"https:\/\/seitz-tuchen.de\/index.php?rest_route=%2Fwp%2Fv2%2Fcomments&post=72"}],"version-history":[{"count":0,"href":"https:\/\/seitz-tuchen.de\/index.php?rest_route=\/wp\/v2\/pages\/72\/revisions"}],"up":[{"embeddable":true,"href":"https:\/\/seitz-tuchen.de\/index.php?rest_route=\/wp\/v2\/pages\/66"}],"wp:attachment":[{"href":"https:\/\/seitz-tuchen.de\/index.php?rest_route=%2Fwp%2Fv2%2Fmedia&parent=72"}],"curies":[{"name":"wp","href":"https:\/\/api.w.org\/{rel}","templated":true}]}}