{"id":78,"date":"2010-03-02T16:24:57","date_gmt":"2010-03-02T15:24:57","guid":{"rendered":"http:\/\/127.0.0.1\/wordpress_seitz\/?page_id=78"},"modified":"2018-12-18T08:01:07","modified_gmt":"2018-12-18T08:01:07","slug":"notfalle","status":"publish","type":"page","link":"https:\/\/seitz-tuchen.de\/?page_id=78","title":{"rendered":"Notf\u00e4lle"},"content":{"rendered":"<p>Unsere Sprechzeiten sind:<\/p>\n<table border=\"0\" width=\"90%\" cellspacing=\"1\" cellpadding=\"2\" bgcolor=\"#d0d0d0\">\n<tbody>\n<tr>\n<td>Montag<\/td>\n<td>Dienstag<\/td>\n<td>Mittwoch<\/td>\n<td>Donnerstag<\/td>\n<td>Freitag<\/td>\n<\/tr>\n<tr>\n<td>8 &#8211; 12 Uhr<\/td>\n<td>8 &#8211; 12 Uhr<\/td>\n<td>8 &#8211; 12 Uhr<\/td>\n<td>8 &#8211; 12 Uhr<\/td>\n<td>8 &#8211; 12 Uhr<\/td>\n<\/tr>\n<tr>\n<td>16 &#8211; 18 Uhr<\/td>\n<td>16 &#8211; 18 Uhr<\/td>\n<td><\/td>\n<td>17 &#8211; 19 Uhr<\/td>\n<td><\/td>\n<\/tr>\n<\/tbody>\n<\/table>\n<p>Abends ab 19 Uhr, mittwochs und freitags ab 14 Uhr, sowie an Wochenenden und Feiertagen ganztags wenden Sie sich bitte in dringenden F\u00e4llen an den<br \/>\n<strong>\u00c4rztlichen Bereitschaftsdienst Kassel<\/strong>, Klinikum Kassel, M\u00f6nchebergstra\u00dfe 41-43, Telefon <strong>116 117<\/strong>.<\/p>\n<p><strong>Falls ein akut lebensbedrohlicher Fall vorliegt, w\u00e4hlen Sie bitte direkt die 112!<\/strong><\/p>\n<p>Mittags, morgens vor Praxisbeginn und abends bis 19 Uhr k\u00f6nnen Sie uns, sofern die Praxis nicht besetzt ist, in dringenden F\u00e4llen \u00fcber unser Praxishandy erreichen. Die direkte telefonische Durchstellung wird ihnen vom Anrufbeantworter angeboten.<\/p>\n<p>\u00c4nderungen der Sprechzeiten, Urlaub und Praxisvertretungen werden auf dieser Homepage, auf unserem Anrufbeantworter und per Aushang in der Praxis bekanntgegeben.<\/p>\n","protected":false},"excerpt":{"rendered":"<p>Unsere Sprechzeiten sind: Montag Dienstag Mittwoch Donnerstag Freitag 8 &#8211; 12 Uhr 8 &#8211; 12 Uhr 8 &#8211; 12 Uhr 8 &#8211; 12 Uhr 8 &#8211; 12 Uhr 16 &#8211; 18 Uhr 16 &#8211; 18 Uhr 17 &#8211; 19 Uhr Abends ab 19 Uhr, mittwochs und freitags ab 14 Uhr, sowie an Wochenenden und Feiertagen [&hellip;]<\/p>\n","protected":false},"author":1,"featured_media":0,"parent":0,"menu_order":9,"comment_status":"open","ping_status":"open","template":"","meta":[],"_links":{"self":[{"href":"https:\/\/seitz-tuchen.de\/index.php?rest_route=\/wp\/v2\/pages\/78"}],"collection":[{"href":"https:\/\/seitz-tuchen.de\/index.php?rest_route=\/wp\/v2\/pages"}],"about":[{"href":"https:\/\/seitz-tuchen.de\/index.php?rest_route=\/wp\/v2\/types\/page"}],"author":[{"embeddable":true,"href":"https:\/\/seitz-tuchen.de\/index.php?rest_route=\/wp\/v2\/users\/1"}],"replies":[{"embeddable":true,"href":"https:\/\/seitz-tuchen.de\/index.php?rest_route=%2Fwp%2Fv2%2Fcomments&post=78"}],"version-history":[{"count":0,"href":"https:\/\/seitz-tuchen.de\/index.php?rest_route=\/wp\/v2\/pages\/78\/revisions"}],"wp:attachment":[{"href":"https:\/\/seitz-tuchen.de\/index.php?rest_route=%2Fwp%2Fv2%2Fmedia&parent=78"}],"curies":[{"name":"wp","href":"https:\/\/api.w.org\/{rel}","templated":true}]}}